{"id":1435,"date":"2017-09-21T15:19:25","date_gmt":"2017-09-21T12:19:25","guid":{"rendered":"http:\/\/dh.org.ee\/?page_id=1435\/"},"modified":"2017-09-21T15:19:25","modified_gmt":"2017-09-21T12:19:25","slug":"programme","status":"publish","type":"page","link":"https:\/\/dh.org.ee\/en\/events\/dhe2017\/programme\/","title":{"rendered":"Programme"},"content":{"rendered":"<h2>Wed, Nov 1st (Estonian National Museum)<\/h2>\n<p>09:00 Bus from Dorpat Hotel to Estonian National Museum<br \/>\n09:25 Excursions at the Estonian National Museum<br \/>\n10:00 Registration, coffee<br \/>\n10:30 Opening<br \/>\n<strong>Signing of public domain manifest<\/strong><\/p>\n<p>10:40 <strong>Asaf Bartov\u00a0<\/strong>Wikidata for Humanists: A Gentle Introduction to Wikimedia&#8217;s linked data project<label class=\"dhe_label dhe_label_kn\"><\/label><\/p>\n<p>11:30 <strong>Susan Schreibman\u00a0<\/strong>Creating Collections of Social Relevance<label class=\"dhe_label dhe_label_kn\"><\/label><\/p>\n<p>12:20 Lunch<\/p>\n<p>13:20 Parallel sessions:<\/p>\n<table>\n<tbody>\n<tr>\n<th>Parallel session 1<\/th>\n<th>Parallel session 2<\/th>\n<\/tr>\n<tr>\n<td style=\"width: 50%\"><em>Dolly J\u00f8rgensen<\/em><br \/>\nKnowing nature online<label class=\"dhe_label dhe_label_in\"><\/label><\/td>\n<td><em>Leif Isaksen<br \/>\n<\/em>Building a Community of Linked Open Data with the Pelagios Commons<label class=\"dhe_label dhe_label_in\"><\/label><\/td>\n<\/tr>\n<tr valign=\"top\">\n<td><em>Marija Semjonova<br \/>\n<\/em>Conceptualizing the digital self at student\u2019s educational platforms. An anthropological perspective<label class=\"dhe_label dhe_label_pr\"><\/label><\/td>\n<td><em>Andrew Gryf Paterson<br \/>\n<\/em>Towards an autoarchaeological open archiving of hybrid cultural practice<label class=\"dhe_label dhe_label_pr\"><\/label><\/td>\n<\/tr>\n<tr valign=\"top\">\n<td><em>Outi Valo<br \/>\n<\/em>Finnish folk music collector Erkki Ala-K\u00f6nni \u2013 Digital collection catalogues and possibilities of Digital Humanities<label class=\"dhe_label dhe_label_pr\"><\/label><\/td>\n<td><em>Mats Fridlund, Matti La Mela<br \/>\n<\/em>Cloudy sightings of Chinese industrialization: GIS, Word clouds and the Finnish engineers\u2019 views on Chinese technology in the late nineteenth century<label class=\"dhe_label dhe_label_pr\"><\/label><\/td>\n<\/tr>\n<tr valign=\"top\">\n<td><em>Outi Penninkangas<br \/>\n<\/em>Wikiproject &#8211; The Finnish Museum of Games<label class=\"dhe_label dhe_label_pr\"><\/label><\/td>\n<td><em>Susanna \u00c5n\u00e4s<br \/>\n<\/em>3 million old Finnish place names linked with Wiki technologies<label class=\"dhe_label dhe_label_pr\"><\/label><\/td>\n<\/tr>\n<tr valign=\"top\">\n<td><em>Klara Sielicka<br \/>\n<\/em>Ethno-wiki projects as an example how not to lose human component in digital humanities<label class=\"dhe_label dhe_label_pr\"><\/label><\/td>\n<td><em>Kasper Hanus<br \/>\n<\/em>Share your landscape! A real-life story of how I struggled to put my research on past landscapes online<label class=\"dhe_label dhe_label_pr\"><\/label><\/td>\n<\/tr>\n<\/tbody>\n<\/table>\n<p>15:20 Coffee break<br \/>\n15:50 Parallel sessions:<\/p>\n<table>\n<tbody>\n<tr>\n<th>Parallel session 3<\/th>\n<th>Parallel session 4<\/th>\n<\/tr>\n<tr valign=\"top\">\n<td rowspan=\"2\">DH roundtable with<br \/>\n<em>Graeme Earl, Susan Schreibman, Indrek Ibrus, Andres Kimber, Liina Lindstr\u00f6m<\/em><\/td>\n<td style=\"width: 50%\"><em>Krista Simson<br \/>\n<\/em>Copyright Law and a Work of Visual Art<label class=\"dhe_label dhe_label_pr\"><\/label><\/td>\n<\/tr>\n<tr valign=\"top\">\n<td><em>Aleksei Kelli<\/em><br \/>\nCopyright and cultural heritage<br \/>\n<label class=\"dhe_label dhe_label_ws\"> #1<\/label><\/td>\n<\/tr>\n<\/tbody>\n<\/table>\n<p>17:20 Break<\/p>\n<p>17:30 <strong>Paul Reilly\u00a0<\/strong>Contesting the Future: Potential Scenarios for Open Digital Archaeology<label class=\"dhe_label dhe_label_kn\"><\/label><\/p>\n<p>18:40 Bus from Estonian National Museum to Dorpat Hotel<\/p>\n<p>19:30 <strong>Reception<\/strong> at the Estonian Literary Museum (<a href=\"https:\/\/goo.gl\/maps\/XmZw6U7pAjA2\" target=\"_blank\" rel=\"noopener\">Vanemuise 46<\/a>)<\/p>\n<h2>Thu, Nov 2nd\u00a0(Estonian National Museum)<\/h2>\n<p>08:45 Bus from Dorpat Hotel to Estonian National Museum<br \/>\n09:00 Morning coffee<br \/>\n09:30 <strong>Kai-Uwe Barthel\u00a0<\/strong>New Methods of Image Search<label class=\"dhe_label dhe_label_kn\"><\/label><br \/>\n10:20 Coffe break<br \/>\n10:50 Parallel sessions:<\/p>\n<table>\n<tbody>\n<tr>\n<th>Parallel session 5<\/th>\n<th>Parallel session 6<\/th>\n<\/tr>\n<tr valign=\"top\">\n<td style=\"width: 50%\" rowspan=\"2\"><em>Eetu M\u00e4kel\u00e4\u00a0<\/em>Less is more \u2013 enabling individual research based on big culture heritage data<label class=\"dhe_label dhe_label_in\"><\/label><\/td>\n<td><em>Gerth Jaanim\u00e4e, Liina Lindstr\u00f6m, Kadri Muischnek, Maarja-Liisa Pilvik, Aigi Rahi-Tamm, Ainar \u00d5unpuu, Kersti Lust, T\u00f5nis T\u00fcrna<br \/>\n<\/em>Creating a corpus of communal court minute books: a challenge for digital humanities<label class=\"dhe_label dhe_label_pr\"><\/label><\/td>\n<\/tr>\n<tr valign=\"top\">\n<td><em>Olga Gerassimenko, Neeme Kahusk<\/em><br \/>\nKORP tool and language research<label class=\"dhe_label dhe_label_pr\"><\/label><\/td>\n<\/tr>\n<tr valign=\"top\">\n<td><em>Oleg Sobchuk, Peeter Tinits<\/em><br \/>\nDigital humanities meets film history: is there progress in films?<label class=\"dhe_label dhe_label_pr\"><\/label><\/td>\n<td><em>Maris Sander<br \/>\n<\/em>Constructing Israeli apartheid discourse: a corpus linguistic analysis<label class=\"dhe_label dhe_label_pr\"><\/label><\/td>\n<\/tr>\n<tr valign=\"top\">\n<td><em>Jane Klavan, Merli Kirsima\u0308e, Aare Undo<\/em><br \/>\nPitting automated part-of-speech tagging against manual tagging: a case study of Estonian Learner English data<label class=\"dhe_label dhe_label_pr\"><\/label><\/td>\n<td><em>Alexandra Milyakina, Maarja Ojamaa, Tatjana Pilipovec, Merit Rickberg, Liina Sieberk<br \/>\n<\/em>Digital mapping of the \u201cOld Barny\u201d: between the history and fantasy<label class=\"dhe_label dhe_label_pr\"><\/label><\/td>\n<\/tr>\n<tr valign=\"top\">\n<td><em>Eveline Wandl-Vogt, Amelie Dorn, Barbara Piringer, Yalemisew Abgaz, Katalin Lejtovicz<br \/>\n<\/em>Making the invisible visible:\u00a0exploring and exploiting person information as an access layer to heterogeneous data facilitating inclusive, gender-symmetric research<label class=\"dhe_label dhe_label_pr\"><\/label><\/td>\n<td><em>Marju Taukar, Arvi Tavast, Kristel Uiboaed<\/em><br \/>\nFreedom to take vs freedom to give: voluntary cooperation to solve copyright issues<label class=\"dhe_label dhe_label_pr\"><\/label><\/td>\n<\/tr>\n<\/tbody>\n<\/table>\n<p>12:30 Lunch<br \/>\n13:20 <strong>Liam Wyatt\u00a0<\/strong>Wikipedia: the endless palimpsest<label class=\"dhe_label dhe_label_kn\"><\/label><br \/>\n14:10 Coffe break<br \/>\n14:40\u00a0Parallel sessions:<\/p>\n<table>\n<tbody>\n<tr>\n<th>Workshop<\/th>\n<th>Workshop<\/th>\n<\/tr>\n<tr valign=\"top\">\n<td style=\"width: 50%\"><em>Liam Wyatt<br \/>\n<\/em>Bringing Wikipedia inside the cultural institution<br \/>\n<label class=\"dhe_label dhe_label_ws\"> #2<\/label><\/td>\n<td><em>Krista Liin<br \/>\n<\/em>Language annotation workflows in your web browser<br \/>\n<label class=\"dhe_label dhe_label_ws\"> #3<\/label><\/td>\n<\/tr>\n<\/tbody>\n<\/table>\n<p>16:10 Coffe break<br \/>\n16:40 <strong>Graeme Earl\u00a0<\/strong>Journeys between open education and research<label class=\"dhe_label dhe_label_kn\"><\/label><br \/>\n17:30 Closing<br \/>\n18:15 Bus from Estonian National Museum to Dorpat Hotel<\/p>\n<table>\n<tbody>\n<tr>\n<td><\/td>\n<td><label class=\"dhe_label dhe_label_kn\"><\/label> 40 min<\/td>\n<\/tr>\n<tr>\n<td><\/td>\n<td><label class=\"dhe_label dhe_label_in\"><\/label> 30 min<\/td>\n<\/tr>\n<tr>\n<td><\/td>\n<td><label class=\"dhe_label dhe_label_pr\"><\/label> 15 min<\/td>\n<\/tr>\n<\/tbody>\n<\/table>\n<h2>Nov, 3rd, workshops\u00a0(Estonian Literary Museum)<\/h2>\n<table>\n<tbody>\n<tr valign=\"top\">\n<td style=\"width: 10%\">09:00<\/td>\n<td style=\"width: 45%\"><em>Dolly J\u00f8rgensen<\/em><br \/>\nBlogs as Research Communication<br \/>\n<label class=\"dhe_label dhe_label_ws\"> #4<\/label><\/td>\n<td style=\"width: 45%\"><em>Tiiu Tarkpea, Maksim Mi\u0161in<\/em><br \/>\nResources of Open Data<br \/>\n<label class=\"dhe_label dhe_label_ws\"> #5<\/label><\/td>\n<\/tr>\n<tr valign=\"top\">\n<td>12:15<\/td>\n<td colspan=\"2\">Lunch<\/td>\n<\/tr>\n<tr valign=\"top\">\n<td>13:15<\/td>\n<td><em>Paul Reilly<\/em><br \/>\nPotential futures for DH in Estonia: some scenarios<br \/>\n<label class=\"dhe_label dhe_label_ws\"> #6<\/label><\/td>\n<td><em>Asaf Bartov<\/em><br \/>\nWikidata for Humanists: A Gentle Introduction to Wikimedia&#8217;s linked data project<br \/>\n<label class=\"dhe_label dhe_label_ws\"> #7<\/label><\/td>\n<\/tr>\n<tr valign=\"top\">\n<td>16:30<\/td>\n<td colspan=\"2\">Coffee break<\/td>\n<\/tr>\n<tr valign=\"top\">\n<td>17:00<\/td>\n<td><em>Graeme Earl<\/em><br \/>\nTailoring Open<br \/>\n<label class=\"dhe_label dhe_label_ws\"> #8<\/label><\/td>\n<td><em>Eetu M\u00e4kel\u00e4<\/em><br \/>\nUsing cultural heritage data in research<br \/>\n<label class=\"dhe_label dhe_label_ws\"> #9<\/label><\/td>\n<\/tr>\n<\/tbody>\n<\/table>\n","protected":false},"excerpt":{"rendered":"<p>Wed, Nov 1st (Estonian National Museum) 09:00 Bus from Dorpat Hotel to Estonian National Museum 09:25 Excursions at the Estonian National Museum 10:00 Registration, coffee 10:30 Opening Signing of public domain manifest 10:40 Asaf Bartov\u00a0Wikidata for Humanists: A Gentle Introduction to Wikimedia&#8217;s linked data project 11:30 Susan Schreibman\u00a0Creating Collections of Social Relevance 12:20 Lunch 13:20 &hellip; <\/p>\n<p class=\"link-more\"><a href=\"https:\/\/dh.org.ee\/en\/events\/dhe2017\/programme\/\" class=\"more-link\">Continue reading<span class=\"screen-reader-text\"> &#8220;Programme&#8221;<\/span><\/a><\/p>\n","protected":false},"author":2,"featured_media":0,"parent":1228,"menu_order":0,"comment_status":"closed","ping_status":"closed","template":"","meta":{"footnotes":""},"class_list":["post-1435","page","type-page","status-publish","hentry"],"jetpack_sharing_enabled":true,"_links":{"self":[{"href":"https:\/\/dh.org.ee\/en\/wp-json\/wp\/v2\/pages\/1435","targetHints":{"allow":["GET"]}}],"collection":[{"href":"https:\/\/dh.org.ee\/en\/wp-json\/wp\/v2\/pages"}],"about":[{"href":"https:\/\/dh.org.ee\/en\/wp-json\/wp\/v2\/types\/page"}],"author":[{"embeddable":true,"href":"https:\/\/dh.org.ee\/en\/wp-json\/wp\/v2\/users\/2"}],"replies":[{"embeddable":true,"href":"https:\/\/dh.org.ee\/en\/wp-json\/wp\/v2\/comments?post=1435"}],"version-history":[{"count":0,"href":"https:\/\/dh.org.ee\/en\/wp-json\/wp\/v2\/pages\/1435\/revisions"}],"up":[{"embeddable":true,"href":"https:\/\/dh.org.ee\/en\/wp-json\/wp\/v2\/pages\/1228"}],"wp:attachment":[{"href":"https:\/\/dh.org.ee\/en\/wp-json\/wp\/v2\/media?parent=1435"}],"curies":[{"name":"wp","href":"https:\/\/api.w.org\/{rel}","templated":true}]}}