{"id":1828,"date":"2018-09-03T07:16:59","date_gmt":"2018-09-03T04:16:59","guid":{"rendered":"https:\/\/dh.org.ee\/?page_id=1828"},"modified":"2018-09-03T07:16:59","modified_gmt":"2018-09-03T04:16:59","slug":"schedule","status":"publish","type":"page","link":"https:\/\/dh.org.ee\/en\/events\/dhe2018\/schedule\/","title":{"rendered":"Schedule"},"content":{"rendered":"<p>Keynote lectures and first parallel session will take place in the Conference hall of the\u00a0<a href=\"https:\/\/utlib.ut.ee\/en\/conference-centre\">Conference Centre of University of Tartu Library<\/a>. Second parallel sessions (right side on the schedule) will take in place in conference room T\u00f5stamaa.<\/p>\n<p>You can download the schedule <a href=\"https:\/\/dh.org.ee\/wp-content\/uploads\/2019\/03\/EDH2018_schedule.pdf\">here<\/a>.<\/p>\n<p>The presentation abstracts are <a href=\"https:\/\/dh.org.ee\/wp-content\/uploads\/2019\/03\/EDH2018_abstracts.pdf\">available for download<\/a>.<\/p>\n<h3>Wednesday, 26.09<\/h3>\n<table width=\"580\">\n<tbody>\n<tr>\n<td width=\"67\">\n<p style=\"text-align: center;\">09:30<\/p>\n<\/td>\n<td colspan=\"2\" width=\"569\">\n<p style=\"text-align: center;\">Registration<\/p>\n<\/td>\n<\/tr>\n<tr>\n<td width=\"67\">\n<p style=\"text-align: center;\">10:00<\/p>\n<\/td>\n<td colspan=\"2\" width=\"569\">\n<p style=\"text-align: center;\">Welcome words (conference hall)<\/p>\n<\/td>\n<\/tr>\n<tr>\n<td width=\"67\">\n<p style=\"text-align: center;\">10:15<\/p>\n<\/td>\n<td colspan=\"2\" width=\"569\"><em>Keynote lecture:<\/em> <strong>Petr Plech\u00e1\u010d<\/strong> (Institute of Czech Literature, Czech Academy of Sciences). <em>Versification and Authorship Recognition<\/em>.<\/td>\n<\/tr>\n<tr>\n<td width=\"67\">\n<p style=\"text-align: center;\">11:15<\/p>\n<\/td>\n<td colspan=\"2\" width=\"569\">\n<p style=\"text-align: center;\">Coffee break<\/p>\n<\/td>\n<\/tr>\n<tr>\n<td width=\"67\">\n<p style=\"text-align: center;\">11:45<\/p>\n<\/td>\n<td colspan=\"2\" width=\"569\"><strong>Jane Makke<\/strong> (National Library of Estonia). Collections of the National Library of Estonia as a source for analysis and mining of (textual) data<\/td>\n<\/tr>\n<tr>\n<td width=\"67\">\n<p style=\"text-align: center;\">12:15<\/p>\n<\/td>\n<td colspan=\"2\" width=\"569\"><strong>Tarja-Liisa Luukkanen, Maria Niku<\/strong> (Finnish Literature Society). Introducing &#8216;Elias L\u00f6nnrot Letters Online&#8217;<\/td>\n<\/tr>\n<tr>\n<td width=\"67\">\n<p style=\"text-align: center;\">12:45<\/p>\n<\/td>\n<td colspan=\"2\" width=\"569\"><strong>\u0141ukasz G\u0105ga\u0142a (<\/strong>U of G\u00f6ttingen). Hydra: Integrated Tagger-Lemmatiser with Deep Learning and Parallel Computing<\/td>\n<\/tr>\n<tr>\n<td width=\"67\">\n<p style=\"text-align: center;\">13:15<\/p>\n<\/td>\n<td colspan=\"2\" width=\"569\">\n<p style=\"text-align: center;\">Lunch<\/p>\n<\/td>\n<\/tr>\n<tr>\n<td width=\"67\">\n<p style=\"text-align: center;\">14:15<\/p>\n<\/td>\n<td colspan=\"2\" width=\"569\"><em>Keynote lecture:<\/em> <strong>Joris van Eijnatten<\/strong> (Utrecht U). Something about the weather. Daily forecasts and the Dutch image of Europe.<\/td>\n<\/tr>\n<tr>\n<td width=\"67\">\n<p style=\"text-align: center;\">15:15<\/p>\n<\/td>\n<td colspan=\"2\" width=\"569\">\n<p style=\"text-align: center;\">Coffee break<\/p>\n<\/td>\n<\/tr>\n<tr>\n<td width=\"67\">\n<p style=\"text-align: center;\">15:45<\/p>\n<\/td>\n<td colspan=\"2\" width=\"569\"><strong>Gerth Jaanim\u00e4e, Liina Lindstr\u00f6m, Kersti Lust, Kadri Muischnek, Siim Orasmaa, Maarja-Liisa Pilvik <\/strong>(U of Tartu, The National Archives of Estonia). Contemporary tools for analyzing archaic variation: creating a corpus of 19th century Estonian communal court minute books<\/td>\n<\/tr>\n<tr>\n<td width=\"67\">\n<p style=\"text-align: center;\">16:15<\/p>\n<\/td>\n<td colspan=\"2\" width=\"569\"><strong>Peeter Tinits <\/strong>(U of Tallinn)<strong>. <\/strong>Integrating databases to study language history<\/td>\n<\/tr>\n<tr>\n<td width=\"67\">\n<p style=\"text-align: center;\">16:45<\/p>\n<\/td>\n<td colspan=\"2\" width=\"569\"><strong>Maarja Olli <\/strong>(U of Tartu). Suitable methods in network science for dealing with archaeological data<\/td>\n<\/tr>\n<tr>\n<td width=\"67\">\n<p style=\"text-align: center;\">17:15<\/p>\n<\/td>\n<td colspan=\"2\" width=\"569\">\n<p style=\"text-align: center;\">Coffee break<\/p>\n<\/td>\n<\/tr>\n<tr>\n<td width=\"67\">\n<p style=\"text-align: center;\">17:45<\/p>\n<\/td>\n<td colspan=\"2\" width=\"569\">\n<p style=\"text-align: center;\"><em><a href=\"https:\/\/www.cengage.co.uk\/\">CENGAGE<\/a> presentation<\/em><\/p>\n<\/td>\n<\/tr>\n<tr>\n<td width=\"67\"><\/td>\n<td colspan=\"2\" width=\"569\">\n<p style=\"text-align: center;\">Short presentation session<\/p>\n<\/td>\n<\/tr>\n<tr>\n<td width=\"67\">\n<p style=\"text-align: center;\">18:00<\/p>\n<\/td>\n<td width=\"285\"><strong>Artjoms \u0160ela <\/strong>(U of Tartu),\u00a0<strong>Boris Orekhov<\/strong> (Higher School of Economics &#8211; Moscow)<strong>.<\/strong> The impossible imitation: the reproduction of poetic texts via recurrent neural networks and the question of style<\/td>\n<td width=\"285\"><strong>Alexandra Milyakina <\/strong>(U of Tartu)<strong>.<\/strong> Gamification of history: explaining Soviet culture through digital formats<\/td>\n<\/tr>\n<tr>\n<td width=\"67\">\n<p style=\"text-align: center;\">18:15<\/p>\n<\/td>\n<td width=\"285\"><strong>Siim Orasmaa, Dage S\u00e4rg <\/strong>(U of Tartu)<strong>. <\/strong>Analysing Reflection of Estonian holidays on Twitter<\/td>\n<td width=\"285\"><strong>Antonina Puchkovskaia <\/strong>(ITMO U)<strong>. <\/strong>Retrospective visualization of key landmarks of St. Petersburg based on a big corpora analysis<\/td>\n<\/tr>\n<tr>\n<td width=\"67\">\n<p style=\"text-align: center;\">18:30<\/p>\n<\/td>\n<td width=\"285\"><strong>Marek Debn\u00e1r <\/strong>(Constantine the Philosopher U of Nitra)<strong>. <\/strong>Quantitative Formalism and Philosophical Research<\/td>\n<td width=\"285\"><strong>Reet Auksmann, Halliki J\u00fcrma, Katrin Raid, Ingrid Saare, \u00dclo Treikelder<\/strong> (Tartu Public Library)<strong>.<\/strong> Database \u201cTartu in fiction\u201d and the mobile application \u201cTartuFic\u201d<\/td>\n<\/tr>\n<tr>\n<td width=\"67\">\n<p style=\"text-align: center;\">19:30<\/p>\n<\/td>\n<td colspan=\"2\" width=\"569\">\n<p style=\"text-align: center;\">Dinner (\u00dclikooli kohvik, \u00dclikooli 20)<\/p>\n<\/td>\n<\/tr>\n<\/tbody>\n<\/table>\n<h3>Thursday, 27.09<\/h3>\n<table width=\"636\">\n<tbody>\n<tr>\n<td width=\"67\">\n<p style=\"text-align: center;\">09:15<\/p>\n<\/td>\n<td colspan=\"2\" width=\"569\">\n<p style=\"text-align: center;\">Registration<\/p>\n<\/td>\n<\/tr>\n<tr>\n<td width=\"67\">\n<p style=\"text-align: center;\">09:30<\/p>\n<\/td>\n<td colspan=\"2\" width=\"569\"><em>Keynote lecture<\/em>: <strong>Nina Tahmasebi <\/strong>(U of Gothenburg)<strong>. <\/strong>Detecting language change for the digital humanities; challenges and opportunities<\/td>\n<\/tr>\n<tr>\n<td width=\"67\">\n<p style=\"text-align: center;\">10:30<\/p>\n<\/td>\n<td colspan=\"2\" width=\"569\">\n<p style=\"text-align: center;\">Coffee break<\/p>\n<\/td>\n<\/tr>\n<tr>\n<td width=\"67\"><\/td>\n<td colspan=\"2\" width=\"569\">\n<p style=\"text-align: center;\">Parallel sessions<\/p>\n<\/td>\n<\/tr>\n<tr>\n<td width=\"67\">\n<p style=\"text-align: center;\">11:00<\/p>\n<\/td>\n<td width=\"285\"><strong>Annika Loor, Kaisa Norak, Jaagup Kippar <\/strong>(U of Tallinn)<strong>.<\/strong> Digital humanities first year in Tallinn University (short presentation)<\/td>\n<td width=\"285\"><strong>Haldur \u00d5im <\/strong>(U of Tartu)<strong>. <\/strong>Talking about negotiations: Estonian phrasal verbs as units of natural metalanguage (short presentation)<\/td>\n<\/tr>\n<tr>\n<td width=\"67\">\n<p style=\"text-align: center;\">11:15<\/p>\n<\/td>\n<td width=\"285\"><strong>Vahur Puik <\/strong>(MT\u00dc Eesti Fotop\u00e4rand)<strong>. <\/strong>7 years of crowdsourcing geodata for historic images \u2013 the experience of Ajapaik<\/td>\n<td width=\"285\"><strong>Olha Kaminska<\/strong> (U of Tartu)<strong>.<\/strong> Word2Vec implementation for Russian text<\/td>\n<\/tr>\n<tr>\n<td width=\"67\">\n<p style=\"text-align: center;\">11:45<\/p>\n<\/td>\n<td width=\"285\"><strong>Reet Bender &amp; Kadi K\u00e4h\u00e4r-Peterson <\/strong>(U of Tartu)<strong>.<\/strong> Dorpat on the map: virtual city map \u201cSaksa Tartu\/Deutsches Dorpat\u201d of (Baltic) German texts of Tartu.<\/td>\n<td width=\"285\"><strong>Sa\u0161a Babi\u010d <\/strong>(Estonian Literary Museum)<strong>.<\/strong> Digitalization of Slovenian Folklore Archive: Collection of Proverbs<\/td>\n<\/tr>\n<tr>\n<td width=\"67\">\n<p style=\"text-align: center;\">12:15<\/p>\n<\/td>\n<td width=\"285\"><strong>Maarja Vaino <\/strong>(Tallinn Literary Center)<strong>. <\/strong>Literary Tallinn as a virtual landscape<\/td>\n<td width=\"285\"><strong>Olga Gerassimenko, Neeme Kahusk, Marin Laak, Tiina Saluvere, Kaarel Veskis, Kadri Vider <\/strong>(Estonian Literary Museum). The Correspondence between J. Barbarus and J. Semper as a Digital Language Resource in Korp<\/td>\n<\/tr>\n<tr>\n<td width=\"67\">\n<p style=\"text-align: center;\">12:45<\/p>\n<\/td>\n<td colspan=\"2\" width=\"569\">\n<p style=\"text-align: center;\">Lunch<\/p>\n<\/td>\n<\/tr>\n<tr>\n<td width=\"67\">\n<p style=\"text-align: center;\">13:45<\/p>\n<\/td>\n<td colspan=\"2\" width=\"569\">\n<p style=\"text-align: center;\"><em>WORKSHOPS<\/em><\/p>\n<\/td>\n<\/tr>\n<tr>\n<td width=\"67\"><\/td>\n<td width=\"285\"><em>Corpus Query Tutorial based on KORP corpus tool. <\/em><\/p>\n<p>&nbsp;<\/p>\n<p>Olga Gerassimenko, Neeme Kahusk, Kadri Vider.<\/p>\n<p><em>\u00a0<\/em><\/td>\n<td width=\"285\"><em>Machine learning methods and results presentation with Microsoft Azure Machine Learning Studio and Jupyter Notebook using language data<\/em><\/p>\n<p>Jaagup Kippar, Annika Loor, Kaisa Norak.<\/td>\n<\/tr>\n<tr>\n<td width=\"67\">\n<p style=\"text-align: center;\">15:15<\/p>\n<\/td>\n<td colspan=\"2\" width=\"569\">\n<p style=\"text-align: center;\">Coffee break<\/p>\n<\/td>\n<\/tr>\n<tr>\n<td width=\"67\"><\/td>\n<td colspan=\"2\" width=\"569\">\n<p style=\"text-align: center;\">Parallel sessions<\/p>\n<\/td>\n<\/tr>\n<tr>\n<td width=\"67\">\n<p style=\"text-align: center;\">15:45<\/p>\n<\/td>\n<td width=\"285\"><strong>Kirill Maslinsky <\/strong>(Higher School of Economics \u2013 Saint Petersburg)<strong>.<\/strong> From history of emotions back to literary history: a case of Soviet realistic prose for children and young adults<\/td>\n<td width=\"285\"><strong>J\u0101nis Daugavietis <\/strong>(U of Latvia). Motivation to engage in creative crowdsourcing: case of campaign &#8220;Recite Veidenbaums&#8217; Poetry!&#8221;<\/td>\n<\/tr>\n<tr>\n<td width=\"67\">\n<p style=\"text-align: center;\">16:15<\/p>\n<\/td>\n<td width=\"285\"><strong>Joshua Wilbur <\/strong>(U Freiburg). Automatic linguistic annotation of spoken Pite Saami<\/td>\n<td width=\"285\"><strong>Aleksandr Fadeev <\/strong>(U of Tartu). Application of L. Vygotsky and transmediality in the contemporary cultural education<\/td>\n<\/tr>\n<tr>\n<td width=\"67\">\n<p style=\"text-align: center;\">16:45<\/p>\n<\/td>\n<td width=\"285\"><strong>Katri Hiovain, Juraj \u0160imko <\/strong>(U of Helsinki). Digital Language Typology \u2013 mining from the surface to the core<\/td>\n<td width=\"285\"><strong>Aleksandar Takovski <\/strong>(South East European U)<strong>.<\/strong> Creativity in non-digital age: How to collect, analyze and present data in non-digitalized environment(s)<\/td>\n<\/tr>\n<tr>\n<td width=\"67\">17:15<\/td>\n<td colspan=\"2\" width=\"569\">\n<p style=\"text-align: center;\">Coffee break<\/p>\n<\/td>\n<\/tr>\n<tr>\n<td width=\"67\">\n<p style=\"text-align: center;\">17:30 \u2013 18:30<\/p>\n<\/td>\n<td colspan=\"2\" width=\"569\"><em>Keynote lecture<\/em>: <strong>Andra Siibak<\/strong> (U of Tartu).\u00a0Fake it till they believe it? A quest for authenticity on social media<\/td>\n<\/tr>\n<tr>\n<td width=\"67\">\n<p style=\"text-align: center;\">19:00<\/p>\n<\/td>\n<td colspan=\"2\" width=\"569\">\n<p style=\"text-align: center;\">Reception together with Human Language Technologies Conference at Tartu Loodusmaja (Lille 10)<\/p>\n<p style=\"text-align: center;\">(<a href=\"https:\/\/www.hlt2018.ut.ee\/\">hlt2018.ut.ee<\/a>)<\/p>\n<\/td>\n<\/tr>\n<\/tbody>\n<\/table>\n<h3>Friday, 28.09<\/h3>\n<table width=\"636\">\n<tbody>\n<tr>\n<td width=\"67\">\n<p style=\"text-align: center;\">12:00<\/p>\n<\/td>\n<td width=\"569\">Workshop: <em>Versification and Authorship Recognition<strong> I\u00a0<\/strong>(Jakobi 2-105)<\/em><\/p>\n<p>Petr Plech\u00e1\u010d<\/p>\n<p>&nbsp;<\/td>\n<\/tr>\n<tr>\n<td width=\"67\">\n<p style=\"text-align: center;\">13:30<\/p>\n<\/td>\n<td width=\"569\">\n<p style=\"text-align: center;\">Break<\/p>\n<\/td>\n<\/tr>\n<tr>\n<td width=\"67\">\n<p style=\"text-align: center;\">14:00 \u2013<\/p>\n<p style=\"text-align: center;\">15:30<\/p>\n<\/td>\n<td width=\"569\">Workshop: <em>Versification and Authorship Recognition<strong> II\u00a0<\/strong>(Jakobi 2-105)<\/em><\/p>\n<p>Petr Plech\u00e1\u010d<\/p>\n<p>&nbsp;<\/td>\n<\/tr>\n<\/tbody>\n<\/table>\n<p>&nbsp;<\/p>\n","protected":false},"excerpt":{"rendered":"<p>Keynote lectures and first parallel session will take place in the Conference hall of the\u00a0Conference Centre of University of Tartu Library. Second parallel sessions (right side on the schedule) will take in place in conference room T\u00f5stamaa. You can download the schedule here. The presentation abstracts are available for download. Wednesday, 26.09 09:30 Registration 10:00 &hellip; <\/p>\n<p class=\"link-more\"><a href=\"https:\/\/dh.org.ee\/en\/events\/dhe2018\/schedule\/\" class=\"more-link\">Continue reading<span class=\"screen-reader-text\"> &#8220;Schedule&#8221;<\/span><\/a><\/p>\n","protected":false},"author":5,"featured_media":0,"parent":1579,"menu_order":0,"comment_status":"closed","ping_status":"closed","template":"","meta":{"footnotes":""},"class_list":["post-1828","page","type-page","status-publish","hentry"],"jetpack_sharing_enabled":true,"_links":{"self":[{"href":"https:\/\/dh.org.ee\/en\/wp-json\/wp\/v2\/pages\/1828","targetHints":{"allow":["GET"]}}],"collection":[{"href":"https:\/\/dh.org.ee\/en\/wp-json\/wp\/v2\/pages"}],"about":[{"href":"https:\/\/dh.org.ee\/en\/wp-json\/wp\/v2\/types\/page"}],"author":[{"embeddable":true,"href":"https:\/\/dh.org.ee\/en\/wp-json\/wp\/v2\/users\/5"}],"replies":[{"embeddable":true,"href":"https:\/\/dh.org.ee\/en\/wp-json\/wp\/v2\/comments?post=1828"}],"version-history":[{"count":0,"href":"https:\/\/dh.org.ee\/en\/wp-json\/wp\/v2\/pages\/1828\/revisions"}],"up":[{"embeddable":true,"href":"https:\/\/dh.org.ee\/en\/wp-json\/wp\/v2\/pages\/1579"}],"wp:attachment":[{"href":"https:\/\/dh.org.ee\/en\/wp-json\/wp\/v2\/media?parent=1828"}],"curies":[{"name":"wp","href":"https:\/\/api.w.org\/{rel}","templated":true}]}}