{"id":2616,"date":"2019-09-25T15:23:05","date_gmt":"2019-09-25T12:23:05","guid":{"rendered":"https:\/\/dh.org.ee\/?page_id=2616"},"modified":"2019-09-25T15:23:05","modified_gmt":"2019-09-25T12:23:05","slug":"presentations","status":"publish","type":"page","link":"https:\/\/dh.org.ee\/en\/events\/dhe2019\/abstracts\/presentations\/","title":{"rendered":"Presentations"},"content":{"rendered":"\n<p><em>Feyza A\u011flarg\u00f6z, Ozan A\u011flarg\u00f6z, Tu\u011f\u00e7e Tu\u011fyam \u0130lhan, Feyyaz Kaya<\/em><br><a href=\"https:\/\/dh.org.ee\/events\/dhe2019\/abstracts\/presentations\/shared-on-your-history\/\">Shared On Your (Hi)Story: Instagram As a Tool For Informal Education In Museums<\/a><\/p>\n\n\n\n<p><em>Rana Al Khouli<\/em><br><a href=\"https:\/\/dh.org.ee\/events\/dhe2019\/abstracts\/presentations\/rana-al-khouli\/\">An Overview of Syrian Memes in the Digital Media<\/a><\/p>\n\n\n\n<p><em>Eva-Maria Artus<\/em><br><a href=\"https:\/\/dh.org.ee\/events\/dhe2019\/abstracts\/presentations\/artus\/\">Preserving Our Heritage for Generations to Come: an Overview of Long-Term Digital Preservation<\/a><\/p>\n\n\n\n<p><em>Avgoustinos Avgousti, Georgios Papaioannou<\/em><br><a href=\"https:\/\/dh.org.ee\/events\/dhe2019\/abstracts\/presentations\/knowledge-dissemination\/\">Knowledge Dissemination: Community Reusable Human and Machine<br>Understandable Content Models for Small Museums and Non Technical Scholars<\/a><\/p>\n\n\n\n<p><em>Nadzeya Charapan<\/em><br><a href=\"https:\/\/dh.org.ee\/events\/dhe2019\/abstracts\/presentations\/visitor-museum-experience\/\">Visitor Museum Experience \u2013 To Be or Not to be Digital?<\/a> <\/p>\n\n\n\n<p><em>Indek Ibrus,&nbsp; Maarja Ojamaa, Jaagup Kippar<\/em><br><a href=\"https:\/\/dh.org.ee\/events\/dhe2019\/abstracts\/presentations\/ibrus-ojamaa-kippar\/\">The Demes of Estonian Film History: Analysing the Networks of Films and Their Makers <\/a><\/p>\n\n\n\n<p><em>Finn Arne J\u00f8rgensen<\/em><br><a href=\"https:\/\/dh.org.ee\/events\/dhe2019\/abstracts\/presentations\/jorgensen\/\">Making History: Critical Making, 3D Printing, and Digital Cultural Heritage in the History Classroom<\/a><\/p>\n\n\n\n<p><em>Risto J\u00e4rv<\/em><br><a href=\"https:\/\/dh.org.ee\/events\/dhe2019\/abstracts\/presentations\/jarv\/\">Character Networks in Two Estonian Books about Reynard the Fox<\/a><\/p>\n\n\n\n<p><em>Linda Kaljundi, Tiina-Mall Kreem<\/em> <br><a href=\"https:\/\/dh.org.ee\/events\/dhe2019\/abstracts\/presentations\/from-museums-to-students\/\">From\u00a0Museums\u00a0to\u00a0Students\u00a0<\/a><a href=\"https:\/\/dh.org.ee\/events\/dhe2019\/abstracts\/presentations\/zadravec-koljenik-marin-ilic-olujic\/\">\u2013<\/a> C<a href=\"https:\/\/dh.org.ee\/events\/dhe2019\/abstracts\/presentations\/from-museums-to-students\/\">onceptualising and Mediating Digitized Images of History: 20 + 1 educational films and worksheets about visual sources of historical memory<\/a><\/p>\n\n\n\n<p><em>Deepika Kashyap<\/em><br><a href=\"https:\/\/dh.org.ee\/events\/dhe2019\/abstracts\/presentations\/kashyap\/\">Internet Folklore and Online Mediated Identity: A Netnography Study in Nyishi Community, Arunachal Pradesh<\/a><\/p>\n\n\n\n<p><em>Sofija Klarin Zadravec, Dragana Koljenik, Anita Marin, Tamara Ili\u0107-Oluji\u0107<\/em><br><a href=\"https:\/\/dh.org.ee\/events\/dhe2019\/abstracts\/presentations\/zadravec-koljenik-marin-ilic-olujic\/\">Networks of Virtual Exhibitions \u2013 Creative and Innovative Ways of Interpreting and Communicating Cultural Heritage<\/a><\/p>\n\n\n\n<p><em>Thorsten Kruse<\/em><br><a href=\"https:\/\/dh.org.ee\/events\/dhe2019\/abstracts\/presentations\/kruse\/\">The Fate of Abandoned Religious Heritage: the Case of Cyprus<\/a><\/p>\n\n\n\n<p><em>Bernd Kulawik<\/em><br><a href=\"https:\/\/dh.org.ee\/events\/dhe2019\/abstracts\/presentations\/kulawik\/\">The Cultural Heritage of Our \u2018Digital Dark Age\u2019 Thrown into the \u2018Information Black Hole\u2019: What Can It Teach Us and Our Students in the Near Future and \u2018in the Long Run\u2019?<\/a><\/p>\n\n\n\n<p><em>Mare K\u00f5iva<\/em><br><a href=\"https:\/\/dh.org.ee\/events\/dhe2019\/abstracts\/presentations\/koiva\/\">Folkloristic Open Access Data set Set and Community Art<\/a>   <\/p>\n\n\n\n<p><em>Marin Laak<\/em><br><a href=\"https:\/\/dh.org.ee\/events\/dhe2019\/abstracts\/presentations\/laak\/\">Content-Based Environments of Literary History as the Basis of Computational Literary Studies<\/a>  <\/p>\n\n\n\n<p><em>Larissa Leiminger<\/em><br><a href=\"https:\/\/dh.org.ee\/events\/dhe2019\/abstracts\/presentations\/leiminger\/\">How to Build a Zooniverse-Project: Citizen Science for Historic Baltic-German Materials in Estonia<\/a><\/p>\n\n\n\n<p><em>Kirsty Lingstadt<\/em><br><a href=\"https:\/\/dh.org.ee\/events\/dhe2019\/abstracts\/presentations\/lingstadt\/\">Digital Humanities Working Groups \u2013 Perspectives and Approaches from Europe and The UK<\/a><\/p>\n\n\n\n<p><em>Dolores Romero L\u00f3pez, Alicia Reina Navarro, Patricia Barrera Velasco<\/em><br><a href=\"https:\/\/dh.org.ee\/events\/dhe2019\/abstracts\/presentations\/lopez-navarro-velasco\/\">Interactive Reading of the Spanish Silver Age Literature: Teaching and Research Promoted by the National Library of Spain and Mnemosine Digital Library<\/a><\/p>\n\n\n\n<p><em>Mahendra Mahey<\/em><br><a href=\"https:\/\/dh.org.ee\/events\/dhe2019\/abstracts\/keynotes\/mahendra-mahey\/\">Building Better Global Digital Cultural Heritage Innovation Through Galleries, Libraries, Archives and Museums (GLAM) Labs<\/a><\/p>\n\n\n\n<p><em>In\u00e9s Matres<\/em><br><a href=\"https:\/\/dh.org.ee\/events\/dhe2019\/abstracts\/presentations\/matres\/\">Cultural Heritage Goes to School<\/a><\/p>\n\n\n\n<p><em>Krystyna K. Matusiak<\/em><br><a href=\"https:\/\/dh.org.ee\/?page_id=2965\">Using Large-Scale Digital Libraries for Teaching and Learning in Higher Education<\/a><\/p>\n\n\n\n<p><em>Kristiin Meos<\/em><br><a href=\"https:\/\/dh.org.ee\/events\/dhe2019\/abstracts\/presentations\/meos\/\">Plan of Action for the Digitisation of Cultural Heritage 2018-2023 in Estonia<\/a> <\/p>\n\n\n\n<p><em>Helga Merits<\/em><br><a href=\"https:\/\/dh.org.ee\/events\/dhe2019\/abstracts\/presentations\/merits\/\">The Labyrinth and the Library<\/a><\/p>\n\n\n\n<p><em>Anneli Mihkelev<\/em><br><a href=\"https:\/\/dh.org.ee\/events\/dhe2019\/abstracts\/presentations\/mihkelev\/\">Hypertextuality and Intertextuality in Digital Age: Hypertextual Poems as the Challenge and Game of the Reader\u2019s Competence<\/a><\/p>\n\n\n\n<p><em>Alexandra Milyakina<\/em><br><a href=\"https:\/\/dh.org.ee\/events\/dhe2019\/abstracts\/presentations\/milyakina\/\">Using Digital Cultural Heritage Sources for Education on Screen<\/a><\/p>\n\n\n\n<p><em>Maarja Ojamaa, Peeter Torop<\/em><br><a href=\"https:\/\/dh.org.ee\/events\/dhe2019\/abstracts\/presentations\/ojamaa-torop\/\">Cultural Heritage and Digital Reading: Between Book and Platform<\/a><\/p>\n\n\n\n<p><em>Alin Olteanu, Kyle Davidson<\/em><br><a href=\"https:\/\/dh.org.ee\/events\/dhe2019\/abstracts\/presentations\/literacy-based-on-conceptual-graphs\/\">Literacy Based on Conceptual Graphs: An Argument for a Semiotic Digital Humanities<\/a><\/p>\n\n\n\n<p><em>Alin Olteanu, Florian Rabitz<\/em><br><a href=\"https:\/\/dh.org.ee\/events\/dhe2019\/abstracts\/presentations\/semiotics-analysis-of-digital-models\/\">A Semiotic Analysis of Digital Models: Semantic Networks of Environmental Research<\/a><\/p>\n\n\n\n<p><em>Anna Pisarevskaya, AntoninaPuchkovskaia<\/em><br><a href=\"https:\/\/dh.org.ee\/events\/dhe2019\/abstracts\/presentations\/pisarevskaya-puchkovskaia-vlasov\/\">GULAG\u2019s Digital Storytelling Project Research Focus: Digital Memory Data Modelling, Visualization and Presentation<\/a><\/p>\n\n\n\n<p><em>Margret Plank, Bastian Drees<\/em><br><a href=\"https:\/\/dh.org.ee\/events\/dhe2019\/abstracts\/presentations\/plank-drees\/\">Explore 100 years of scientific films: The TIB AV-Portal<\/a><\/p>\n\n\n\n<p><em>Ellen Prokop<\/em><br><a href=\"https:\/\/dh.org.ee\/events\/dhe2019\/abstracts\/presentations\/prokop\/\">Frick Digital Collections in the Classroom<\/a><\/p>\n\n\n\n<p><em>Fred Puss<\/em><br><a href=\"https:\/\/dh.org.ee\/events\/dhe2019\/abstracts\/presentations\/estonian-surname-database\/\">Estonian Surname Database: Problems and Solutions<\/a><\/p>\n\n\n\n<p><em>Jaak Rand <\/em>( <em>(co-authors Mari Siiner, Jaanus Heinla, Kairi Kruus, Martin Sermat)<\/em> <br><a href=\"https:\/\/dh.org.ee\/events\/dhe2019\/abstracts\/presentations\/topographic-map\/\">Digitisation of a Large-Scale (3800 x 4212 mm) Hand-Painted Topographic Map of Palmse Manor Estate, Dated 1859-1864 <\/a><\/p>\n\n\n\n<p><em>Sanita Reinsone, Janis Daugavietis<\/em><br><a href=\"https:\/\/dh.org.ee\/events\/dhe2019\/abstracts\/presentations\/sanita-reinsone-janis-daugavietis\/\">From Manuscript Transcription to Poetry Performances: Cultural Heritage Crowdsourcing in Practice<\/a><\/p>\n\n\n\n<p><em>Roxana Rogobete<\/em><br><a href=\"https:\/\/dh.org.ee\/events\/dhe2019\/abstracts\/presentations\/rogobete\/\">Digital and Interactive Literature \u2013 Transgressing the Borders of Literature?<\/a><\/p>\n\n\n\n<p><em>Ville Rohiola, Anna Wessman<\/em><br><a href=\"https:\/\/dh.org.ee\/events\/dhe2019\/abstracts\/presentations\/rohiola-wessman\/\">FindSampo \u2013 a New Digital Tool for Archaeological Finds Under Development<\/a><\/p>\n\n\n\n<p><em>Pille Runnel, Pille Pruulmann-Vengerfeldt, Agnes Aljas, Krista Lepik<\/em><br><a href=\"https:\/\/dh.org.ee\/events\/dhe2019\/abstracts\/presentations\/using-data-to-understand\/\">Using Data to Understand the User Perspective of the Digital Objects and Displays in the Museum Exhibition<\/a><\/p>\n\n\n\n<p><em>Pille Runnel, Pille Pruulmann-Vengerfeldt, Krista Lepik<\/em><br><a href=\"https:\/\/dh.org.ee\/events\/dhe2019\/abstracts\/presentations\/analytical-dimentions\/\">Analytical Dimensions for Understanding Digital Elements in the Museum Exhibition Space<\/a><\/p>\n\n\n\n<p><em>Toni Sant<\/em><br><a href=\"https:\/\/dh.org.ee\/events\/dhe2019\/abstracts\/presentations\/toni-sant\/\">Sharing Open Knowledge About Malta\u2019s Contemporary Arts Scene as Digital Cultural Heritage<\/a><\/p>\n\n\n\n<p><em>Mari Sarv<\/em><br><a href=\"https:\/\/dh.org.ee\/events\/dhe2019\/abstracts\/presentations\/sarv\/\">Calculating Topics in Estonian Folksongs: Problems with Texts in Nonstandard Language<\/a> <\/p>\n\n\n\n<p><em>Tseng Shu-hsien, Lee Yi-rong, Cheng Ching-ju<\/em><br><a href=\"https:\/\/dh.org.ee\/events\/dhe2019\/abstracts\/presentations\/tseng-shu-hsien-lee-yi-rong-cheng-ching-ju\/\">Innovative Usage of National Central Library Digital Collections-Library as a Collaborative Hub of DH in Taiwan<\/a><\/p>\n\n\n\n<p><em>Andra Siibak<\/em><br><a href=\"https:\/\/dh.org.ee\/events\/dhe2019\/abstracts\/keynotes\/andra-siibak\/\">Screening into the mindset of the \u201csocial media generation\u201d<\/a><\/p>\n\n\n\n<p><em>Elle-Mari Talivee, Kri Marie Vaik<\/em><br><a href=\"https:\/\/dh.org.ee\/events\/dhe2019\/abstracts\/presentations\/talivee-vaik\/\">The Collections of Friedebert Tuglas and the History of Ideas in 20th Century Estonia<\/a><\/p>\n\n\n\n<p><em>Sree Ganesh Thotempudi, Ajinkya Prabhune, Rohan Raj, Kashish, Sarthak Manas Tripathy, Komal Kakade, Sudipt Panda<\/em> <br><a href=\"https:\/\/dh.org.ee\/events\/dhe2019\/abstracts\/presentations\/thottempudi\/\">Optical Character Recognition with Neural Networks <\/a><\/p>\n\n\n\n<p><em>Peeter Tinits<\/em><br><a href=\"https:\/\/dh.org.ee\/events\/dhe2019\/abstracts\/presentations\/tinits\/\">Estonian language community ca. 1900: learning from linked metadata<\/a><\/p>\n\n\n\n<p><em>Mikko Tolonen<\/em><br><a href=\"https:\/\/dh.org.ee\/events\/dhe2019\/abstracts\/keynotes\/tolonen\/\">Educational Principles of Digital Humanities<\/a><\/p>\n\n\n\n<p><em>Tuuli Tuisk<\/em><br><a href=\"https:\/\/dh.org.ee\/events\/dhe2019\/abstracts\/presentations\/tuisk\/\">Preserving Linguistic Heritage: Materials of Estonian Dialects and Kindred Languages at the University of Tartu<\/a><\/p>\n\n\n\n<p><em>Piret Viires<\/em><br><a href=\"https:\/\/dh.org.ee\/events\/dhe2019\/abstracts\/presentations\/piret-viires\/\">New Creative Practices:<\/a><em><a href=\"https:\/\/dh.org.ee\/events\/dhe2019\/abstracts\/presentations\/piret-viires\/\"> Alt Lit<\/a><\/em><a href=\"https:\/\/dh.org.ee\/events\/dhe2019\/abstracts\/presentations\/piret-viires\/\"> &#8211; Social Media Literature<\/a><\/p>\n\n\n\n<p><em>Piret Voolaid<\/em><br><a href=\"https:\/\/dh.org.ee\/events\/dhe2019\/abstracts\/presentations\/voolaid\/\">How to Attract Schoolchildren to Collect Folklore: The Example of the Database of Graffiti<\/a><\/p>\n\n\n\n<p><em>Florian Wiencek<\/em>,  <em>Kasra Seirafi<\/em><br><a href=\"https:\/\/dh.org.ee\/events\/dhe2019\/abstracts\/presentations\/wiencek-seirafi\/\">Digital Mediation of Art and Culture \u2013 From Web to Augmented Reality<\/a><\/p>\n","protected":false},"excerpt":{"rendered":"<p>Feyza A\u011flarg\u00f6z, Ozan A\u011flarg\u00f6z, Tu\u011f\u00e7e Tu\u011fyam \u0130lhan, Feyyaz KayaShared On Your (Hi)Story: Instagram As a Tool For Informal Education In Museums Rana Al KhouliAn Overview of Syrian Memes in the Digital Media Eva-Maria ArtusPreserving Our Heritage for Generations to Come: an Overview of Long-Term Digital Preservation Avgoustinos Avgousti, Georgios PapaioannouKnowledge Dissemination: Community Reusable Human and &hellip; <\/p>\n<p class=\"link-more\"><a href=\"https:\/\/dh.org.ee\/en\/events\/dhe2019\/abstracts\/presentations\/\" class=\"more-link\">Continue reading<span class=\"screen-reader-text\"> &#8220;Presentations&#8221;<\/span><\/a><\/p>\n","protected":false},"author":2,"featured_media":0,"parent":3169,"menu_order":0,"comment_status":"closed","ping_status":"closed","template":"","meta":{"footnotes":""},"class_list":["post-2616","page","type-page","status-publish","hentry"],"jetpack_sharing_enabled":true,"_links":{"self":[{"href":"https:\/\/dh.org.ee\/en\/wp-json\/wp\/v2\/pages\/2616","targetHints":{"allow":["GET"]}}],"collection":[{"href":"https:\/\/dh.org.ee\/en\/wp-json\/wp\/v2\/pages"}],"about":[{"href":"https:\/\/dh.org.ee\/en\/wp-json\/wp\/v2\/types\/page"}],"author":[{"embeddable":true,"href":"https:\/\/dh.org.ee\/en\/wp-json\/wp\/v2\/users\/2"}],"replies":[{"embeddable":true,"href":"https:\/\/dh.org.ee\/en\/wp-json\/wp\/v2\/comments?post=2616"}],"version-history":[{"count":0,"href":"https:\/\/dh.org.ee\/en\/wp-json\/wp\/v2\/pages\/2616\/revisions"}],"up":[{"embeddable":true,"href":"https:\/\/dh.org.ee\/en\/wp-json\/wp\/v2\/pages\/3169"}],"wp:attachment":[{"href":"https:\/\/dh.org.ee\/en\/wp-json\/wp\/v2\/media?parent=2616"}],"curies":[{"name":"wp","href":"https:\/\/api.w.org\/{rel}","templated":true}]}}