{"id":2726,"date":"2019-10-14T10:24:37","date_gmt":"2019-10-14T07:24:37","guid":{"rendered":"https:\/\/dh.org.ee\/?page_id=2726"},"modified":"2019-10-14T10:24:37","modified_gmt":"2019-10-14T07:24:37","slug":"programme","status":"publish","type":"page","link":"https:\/\/dh.org.ee\/en\/events\/dhe2019\/programme\/","title":{"rendered":"Programme"},"content":{"rendered":"\n<h2 class=\"wp-block-heading\">4 December<\/h2>\n\n\n\n<p>National Library&#8217;s main door opens at 9:00<\/p>\n\n\n\n<table class=\"wp-block-table is-style-regular\"><tbody><tr><td>9:00\u201310:00<\/td><td>Registration and welcome coffee <\/td><\/tr><tr><td>10:00<\/td><td>Opening of the conference (Main Conference Hall):<br>Janne Andresoo, National Library of Estonia<br>T\u00f5nis Lukas, Minister of Culture<br>Mare K\u00f5iva, Estonian Literary Museum<br><br>Plenary speech by Andra Siibak (University of Tartu)<br><strong><a href=\"https:\/\/dh.org.ee\/events\/dhe2019\/programme\/keynotes\/andra-siibak\/\">Screening into the mindset of the \u201csocial media generation\u201d<\/a><\/strong> <\/td><\/tr><tr><td>11:30\u201312:00<\/td><td>Coffee break<\/td><\/tr><tr><td>12:00\u201313:30<\/td><td>Session 1 (Main Conference Hall)<\/td><\/tr><tr><td><\/td><td>Kristiin Meos<br><strong><a href=\"https:\/\/dh.org.ee\/events\/dhe2019\/abstracts\/presentations\/meos\/\">Plan of Action for the Digitisation of Cultural Heritage 2018-2023 in Estonia<\/a><\/strong><\/td><\/tr><tr><td><\/td><td><em>Maarja Ojamaa, Peeter Torop<\/em><br><strong><a href=\"https:\/\/dh.org.ee\/events\/dhe2019\/programme\/presentations\/ojamaa-torop\/\">Cultural Heritage and Digital Reading: Between Book and Platform<\/a><\/strong> <\/td><\/tr><tr><td><\/td><td><em>Margret Plank, Bastian Drees<\/em><br><strong><a href=\"https:\/\/dh.org.ee\/events\/dhe2019\/programme\/presentations\/plank-drees\/\">Explore 100 years of scientific films: The TIB AV-Portal<\/a><\/strong> <\/td><\/tr><tr><td>13:30\u201314:30<\/td><td>Lunch on your own<\/td><\/tr><tr><td>14:30<\/td><td>Plenary speech by Mahendra Mahey (The British Library) (Main Conference Hall)<br><strong><a href=\"https:\/\/dh.org.ee\/events\/dhe2019\/programme\/keynotes\/mahendra-mahey\/\">Building Better Global Digital Cultural Heritage Innovation Through Galleries, Libraries, Archives and Museums (GLAM) Labs<\/a><\/strong><\/td><\/tr><tr><td>15:45\u201317:15<\/td><td>Sessions<\/td><\/tr><\/tbody><\/table>\n\n\n\n<table class=\"wp-block-table has-fixed-layout is-style-stripes\"><tbody><tr><td><strong>Session 2<\/strong> (Main Hall)<\/td><td><strong>Session 3<\/strong> (Small Hall)<\/td><td><strong>Session 4<\/strong> (Corner Hall)<\/td><\/tr><tr><td><em>Finn Arne J\u00f8rgensen<\/em><br><strong><a href=\"https:\/\/dh.org.ee\/events\/dhe2019\/programme\/presentations\/jorgensen\/\">Making History: Critical Making, 3D Printing, and Digital Cultural Heritage in the History Classroom<\/a><\/strong> <br><br><\/td><td><em> Florian Wiencek<\/em>,  <em>Kasra Seirafi,<\/em> <br><strong><a href=\"https:\/\/dh.org.ee\/events\/dhe2019\/programme\/presentations\/wiencek-seirafi\/\">Digital Mediation of Art and Culture \u2013 From Web to Augmented Reality<\/a><\/strong> <\/td><td><em>Sanita Reinsone, J\u0101nis Daugavietis<\/em><br><strong><a href=\"https:\/\/dh.org.ee\/events\/dhe2019\/programme\/presentations\/sanita-reinsone-janis-daugavietis\/\">From Manuscript Transcription to Poetry Performances: Cultural Heritage Crowdsourcing in Practice<\/a>&nbsp;<\/strong> <br><\/td><\/tr><tr><td> <em>Linda Kaljundi, &nbsp;Tiina-Mall Kreem<br><\/em><strong><a href=\"https:\/\/dh.org.ee\/events\/dhe2019\/programme\/presentations\/from-museums-to-students\/\">From Museums to Students \u2013 Conceptualising and Mediating Digitized Images of History: 20+1 Educational Films and Worksheets About Visual Sources of Historical Memory<\/a><\/strong> <br><br><br><\/td><td> <em>Alin Olteanu, Kyle Davidson<\/em><br><strong><a href=\"https:\/\/dh.org.ee\/events\/dhe2019\/programme\/presentations\/literacy-based-on-conceptual-graphs\/\">Literacy Based on Conceptual Graphs: An Argument for a Semiotic Digital Humanities<\/a><\/strong> <br><\/td><td> <em>Fred Puss<\/em><br><strong><a href=\"https:\/\/dh.org.ee\/events\/dhe2019\/programme\/presentations\/estonian-surname-database\/\">Estonian Surname Database: Problems and Solutions<\/a><\/strong> <\/td><\/tr><tr><td> <em>Alexandra Milyakina<\/em><br><strong><a href=\"https:\/\/dh.org.ee\/events\/dhe2019\/programme\/presentations\/milyakina\/\">Using Digital Cultural Heritage Sources for Education on Screen<\/a><\/strong> <br> <\/td><td> <em>Marin Laak<\/em><br><strong><a href=\"https:\/\/dh.org.ee\/events\/dhe2019\/abstracts\/presentations\/laak\/\">Content-Based Environments of Literary History as the Basis of Computational Literary Studies<\/a><\/strong> <\/td><td> <em>Mari Sarv<\/em><br><strong><a href=\"https:\/\/dh.org.ee\/events\/dhe2019\/abstracts\/presentations\/sarv\/\">Calculating Topics in Estonian Folksongs: Problems with Texts in Nonstandard Language<\/a><\/strong> <\/td><\/tr><\/tbody><\/table>\n\n\n\n<table class=\"wp-block-table\"><tbody><tr><td>17:15\u201317:45<\/td><td>Coffee break<\/td><\/tr><tr><td>17:45\u201319:45<\/td><td>Sessions<\/td><\/tr><\/tbody><\/table>\n\n\n\n<table class=\"wp-block-table has-fixed-layout is-style-stripes\"><tbody><tr><td><strong>Session 5<\/strong> (Main Hall)<\/td><td><strong>Session 6<\/strong> (Small Hall)<\/td><td><strong>Session 7<\/strong> (Corner Hall)<\/td><\/tr><tr><td><em>Ville Rohiola, Anna Wessman<br><\/em><strong><a href=\"https:\/\/dh.org.ee\/events\/dhe2019\/programme\/presentations\/rohiola-wessman\/\">FindSampo &#8211; a New Digital Tool for Archaeological Finds Under Development<\/a><\/strong><\/td><td><em>Nadzeya Charapan<\/em><br><strong><a href=\"https:\/\/dh.org.ee\/events\/dhe2019\/programme\/presentations\/visitor-museum-experience\/\">Visitor Museum Experience \u2013 To Be or Not to Be Digital?<\/a><\/strong><\/td><td><em>Anneli Mihkelev<\/em><br><strong><a href=\"https:\/\/dh.org.ee\/events\/dhe2019\/programme\/presentations\/mihkelev\/\">Hypertextuality and Intertextuality in Digital Age: Hypertextual Poems as the Challenge and Game of the Reader\u2019s Competence<\/a><\/strong><\/td><\/tr><tr><td><\/td><td><em>Tuuli Tuisk<\/em><br><strong><a href=\"https:\/\/dh.org.ee\/events\/dhe2019\/programme\/presentations\/tuisk\/\">Preserving Linguistic Heritage: Materials of Estonian Dialects and Kindred Languages at the University of Tartu<\/a><\/strong><\/td><td><em>Piret Voolaid<\/em><br><strong><a href=\"https:\/\/dh.org.ee\/events\/dhe2019\/programme\/presentations\/voolaid\/\">How to Attract Schoolchildren to Collect Folklore: The Example of the Database of Graffiti<\/a><\/strong><\/td><\/tr><tr><td><em>Elle-Mari Talivee, Kri Marie Vaik<\/em><br><strong><a href=\"https:\/\/dh.org.ee\/events\/dhe2019\/programme\/presentations\/talivee-vaik\/\">The Collections of Friedebert Tuglas and the History of Ideas in 20th Century Estonia<\/a><\/strong><\/td><td><em>Tseng Shu-hsien, Lee Yi-rong, Cheng Ching-ju<br><\/em><strong><a href=\"https:\/\/dh.org.ee\/events\/dhe2019\/programme\/presentations\/tseng-shu-hsien-lee-yi-rong-cheng-ching-ju\/\">Innovative Usage of NCL Digital Collections-Library as a Collaborative Hub of DH in Taiwan<\/a> <\/strong><\/td><td><em>Rana Al Khouli<\/em><br><strong><a href=\"https:\/\/dh.org.ee\/events\/dhe2019\/programme\/presentations\/rana-al-khouli\/\">An Overview of Syrian Memes in the Digital Media<\/a><\/strong><\/td><\/tr><tr><td> <em>Jaak Rand  (co-authors Mari Siiner, Jaanus Heinla, Kairi Kruus, Martin Sermat)<\/em><br><strong><a href=\"https:\/\/dh.org.ee\/events\/dhe2019\/programme\/presentations\/topographic-map\/\">Digitisation of a Large- Scale (3800 x 4212 mm) Hand-Painted Topographic Map of Palmse Manor Estate, Dated 1859-1864<\/a><\/strong>   <\/td><td><em>Feyza A\u011flarg\u00f6z, Ozan A\u011flarg\u00f6z, Tu\u011f\u00e7e Tu\u011fyam \u0130lhan, Feyyaz Kaya<\/em><br><strong><a href=\"https:\/\/dh.org.ee\/events\/dhe2019\/programme\/presentations\/shared-on-your-history\/\">Shared on Your (Hi)Story: Instagram as a Tool for Informal Education in Museums<\/a><\/strong><\/td><td><em>Deepika Kashyap<\/em><br><strong><a href=\"https:\/\/dh.org.ee\/events\/dhe2019\/programme\/presentations\/kashyap\/\">Internet Folklore and Online Mediated Identity: A Netnography Study in Nyishi Community, Arunachal Pradesh<\/a><\/strong><\/td><\/tr><\/tbody><\/table>\n\n\n\n<table class=\"wp-block-table\"><tbody><tr><td>20:00\u201322:00<\/td><td>Reception, Vabamu Museum of Occupations and Freedom (address: Toompea 8). Departure to the Museum at 19.50 from the Library&#8217;s main entrance.<\/td><\/tr><\/tbody><\/table>\n\n\n\n<h2 class=\"wp-block-heading\">5 December<\/h2>\n\n\n\n<p>National Library&#8217;s main door opens at 8:30<\/p>\n\n\n\n<table class=\"wp-block-table\"><tbody><tr><td>9:00<br> <\/td><td>Plenary speech by <em>Mikko Tolonen<\/em> (University of Helsinki) (Main Hall)<br> <strong><a href=\"https:\/\/dh.org.ee\/events\/dhe2019\/programme\/keynotes\/tolonen\/\">Educational Principles of Digital Humanities<\/a><\/strong> <\/td><\/tr><tr><td>10:00\u201310:30<\/td><td>Coffee break<\/td><\/tr><tr><td>10:30\u201312:00<\/td><td>Sessions<\/td><\/tr><\/tbody><\/table>\n\n\n\n<table class=\"wp-block-table has-fixed-layout is-style-stripes\"><tbody><tr><td><strong>Session 8<\/strong> (Main Hall)<\/td><td><strong>Session 9<\/strong> (Small Hall)<\/td><td><strong>Session 10<\/strong> (Cupola Hall)<\/td><\/tr><tr><td><em>Dolores Romero L\u00f3pez, Alicia Reina Navarro, Patricia Barrera Velasco<\/em><br><strong><a href=\"https:\/\/dh.org.ee\/events\/dhe2019\/abstracts\/presentations\/lopez-navarro-velasco\/\">Interactive Reading of the Spanish Silver Age Literature: Teaching and Research Promoted by the National Library of Spain and Mnemosine Digital <br> Library<\/a><\/strong><\/td><td><em>Pille Runnel, Pille Pruulmann-Vengerfeldt, Krista Lepik<br><\/em><strong><a href=\"https:\/\/dh.org.ee\/events\/dhe2019\/programme\/presentations\/analytical-dimentions\/\">Analytical Dimensions for Understanding Digital Elements in the Museum Exhibition Space<\/a><\/strong> <\/td><td><em>Risto J\u00e4rv<\/em><br><strong><a href=\"https:\/\/dh.org.ee\/events\/dhe2019\/abstracts\/presentations\/jarv\/\">Character Networks in Two Estonian Books about Reynard the Fox<\/a><\/strong> <\/td><\/tr><tr><td><em>Bernd Kulawik<\/em><br><strong><a href=\"https:\/\/dh.org.ee\/events\/dhe2019\/programme\/presentations\/kulawik\/\">The Cultural Heritage of Our \u2018Digital Dark Age\u2019 Thrown into the \u2018Information Black Hole\u2019: What Can It Teach Us and Our Students in the Near Future and \u2018in the Long Run\u2019?<\/a><\/strong><\/td><td> <em>Avgoustinos Avgousti,  Georgios Papaioannou<br><\/em><strong><a href=\"https:\/\/dh.org.ee\/events\/dhe2019\/programme\/presentations\/knowledge-dissemination\/\">Knowledge&nbsp; Dissemination: Community Reusable Human and Machine Understandable Content Models for Small Museums and Non Technical Scholars&nbsp;<\/a><\/strong> <\/td><td><em>Roxana Rogobete<\/em><br><strong><a href=\"https:\/\/dh.org.ee\/events\/dhe2019\/programme\/presentations\/rogobete\/\">Digital and Interactive Literature \u2013 Transgressing the Borders of Literature?<\/a><\/strong> <\/td><\/tr><tr><td><em>Indek Ibrus,\u00a0 Maarja Ojamaa, Jaagup Kippar<\/em><br><strong><a href=\"https:\/\/dh.org.ee\/events\/dhe2019\/abstracts\/presentations\/ibrus-ojamaa-kippar\/\">The Demes of Estonian Film History: Analysing the Networks of Films and Their Makers<\/a><\/strong><\/td><td> <em>Sofija Klarin Zadravec, Dragana Koljenik, Anita Marin,Tamara Ili\u0107-Oluji\u0107<\/em><br><strong><a href=\"https:\/\/dh.org.ee\/events\/dhe2019\/programme\/presentations\/zadravec-koljenik-marin-ilic-olujic\/\">Networks of Virtual Exhibitions &#8211; Creative and Innovative Ways of Interpreting and Communicating Cultural Heritage<\/a><\/strong> <\/td><td> <em>Piret Viires<\/em><br><strong><a href=\"https:\/\/dh.org.ee\/events\/dhe2019\/programme\/presentations\/piret-viires\/\">New Creative Practices: Alt Lit &#8211; Social Media Literature<\/a><\/strong> <\/td><\/tr><tr><td><\/td><td><\/td><td> <em>In\u00e9s Matres<\/em><br><strong><a href=\"https:\/\/dh.org.ee\/events\/dhe2019\/abstracts\/presentations\/matres\/\">Cultural Heritage Goes to School<\/a><\/strong><a href=\"https:\/\/dh.org.ee\/events\/dhe2019\/abstracts\/presentations\/matres\/\"> <\/a><\/td><\/tr><\/tbody><\/table>\n\n\n\n<table class=\"wp-block-table\"><tbody><tr><td>12:00\u201313:00<\/td><td>Lunch on your own<\/td><\/tr><tr><td>13:00\u201314:30 <\/td><td>Sessions<\/td><\/tr><\/tbody><\/table>\n\n\n\n<table class=\"wp-block-table has-fixed-layout is-style-stripes\"><tbody><tr><td><strong>Session 11<\/strong> (Main Hall)<\/td><td><strong>Session 12<\/strong> (Small Hall)<\/td><td><strong>Session 13<\/strong> (Cupola Hall)<\/td><\/tr><tr><td><em>Pille Runnel, Pille Pruulmann-Vengerfeldt, Agnes Aljas, Krista Lepik<\/em><br><strong><a href=\"https:\/\/dh.org.ee\/events\/dhe2019\/programme\/presentations\/using-data-to-understand\/\">Using Data to Understand the User Perspective of the Digital Objects and Displays in the Museum Exhibition<\/a><\/strong><\/td><td>Special Panel: <strong><a href=\"https:\/\/dh.org.ee\/events\/dhe2019\/abstracts\/presentations\/special-panel\/\">Estonian Language and Culture in theDigital Age 2019 &#8211; 2027<\/a><\/strong><br><\/td><td><em>Ellen Prokop<\/em><br><strong><a href=\"https:\/\/dh.org.ee\/events\/dhe2019\/programme\/presentations\/prokop\/\">Frick Digital Collections in the Classroom<\/a><\/strong><br> <\/td><\/tr><tr><td><em>Mare K\u00f5iva<\/em><br><strong><a href=\"https:\/\/dh.org.ee\/events\/dhe2019\/abstracts\/presentations\/koiva\/\">Folkloristic Open Access Data set Set and Community Art <\/a><\/strong><\/td><td><\/td><td><em>Krystyna K. Matusiak<\/em><br><strong><a href=\"https:\/\/dh.org.ee\/events\/dhe2019\/programme\/presentations\/using-large-scale-digital-libraries\/\">Using Large-Scale Digital Libraries for Teaching and Learning in Higher Education<\/a><\/strong> <\/td><\/tr><tr><td><em>Eva-Maria Artus<\/em><br><strong><a href=\"https:\/\/dh.org.ee\/events\/dhe2019\/abstracts\/presentations\/artus\/\">Preserving Our Heritage for Generations to Come: an Overview of Long-Term Digital Preservation<\/a><\/strong><\/td><td><\/td><td><em>Kirsty Lingstadt<\/em><br><strong><a href=\"https:\/\/dh.org.ee\/events\/dhe2019\/abstracts\/presentations\/lingstadt\/\">Digital Humanities Working Groups \u2013 Perspectives and Approaches from Europe and the UK<\/a><\/strong><br><br> <\/td><\/tr><tr><td><\/td><td> <\/td><td><em>Larissa Leiminger<\/em><br><strong><a href=\"https:\/\/dh.org.ee\/events\/dhe2019\/abstracts\/presentations\/leiminger\/\">How to Build a Zooniverse-Project: Citizen Science for Historic Baltic-German Materials in Estonia<\/a><\/strong><\/td><\/tr><\/tbody><\/table>\n\n\n\n<table class=\"wp-block-table\"><tbody><tr><td>14:30\u201315:00<\/td><td>Coffee break<\/td><\/tr><tr><td>15:00\u201316:30<\/td><td>Sessions<\/td><\/tr><\/tbody><\/table>\n\n\n\n<table class=\"wp-block-table has-fixed-layout is-style-stripes\"><tbody><tr><td> <strong>Session 14<\/strong> (Main Hall)<\/td><td> <strong>Session 15<\/strong> (Small Hall)<\/td><td><strong>Session 16<\/strong> (Cupola Hall)<\/td><\/tr><tr><td><em>Helga Merits<\/em><br><strong><a href=\"https:\/\/dh.org.ee\/events\/dhe2019\/programme\/presentations\/merits\/\">The Labyrinth and the Library<\/a><\/strong> <br>The film <strong><a href=\"https:\/\/dh.org.ee\/events\/dhe2019\/abstracts\/presentations\/the-story-of-the-baltic-university\/\">The Story of the Baltic University<\/a><\/strong> by Helga Merits<\/td><td><em>Alin Olteanu, Florian Rabitz<\/em><br><strong><a href=\"https:\/\/dh.org.ee\/events\/dhe2019\/programme\/presentations\/olteanu-rabitz\/\">A Semiotic Analysis of Digital Models: Semantic Networks of Environmental Research<\/a><\/strong><\/td><td><em>Toni Sant<\/em><br><strong><a href=\"https:\/\/dh.org.ee\/events\/dhe2019\/programme\/presentations\/toni-sant\/\">Sharing Open Knowledge About Malta&#8217;s Contemporary Arts Scene as Digital Cultural Heritage<\/a><\/strong> <\/td><\/tr><tr><td><\/td><td><em>Sree Ganesh Thotempudi, Ajinkya Prabhune, Rohan Raj, Kashish, Sarthak Manas Tripathy, Komal Kakade,Sudipt Panda<\/em><br><strong><a href=\"https:\/\/dh.org.ee\/events\/dhe2019\/programme\/presentations\/thottempudi\/\">Optical Character Recognition with Neural Networks<\/a><\/strong><\/td><td><em>Thorsten Kruse<\/em><br><strong><a href=\"https:\/\/dh.org.ee\/events\/dhe2019\/programme\/presentations\/kruse\/\">The Fate of Abandoned Religious Heritage: the Case of Cyprus<\/a><\/strong> <\/td><\/tr><tr><td><\/td><td><em>Peeter Tinits<\/em><br><strong><a href=\"https:\/\/dh.org.ee\/events\/dhe2019\/programme\/presentations\/tinits\/\">Estonian Language Community ca. 1900: Learning from Linked Metadata<\/a><\/strong><\/td><td><em>Anna Pisarevskaya, Antonina Puchkovskaia<\/em>,  Andrey Vlasov <br><strong><a href=\"https:\/\/dh.org.ee\/events\/dhe2019\/programme\/presentations\/pisarevskaya-puchkovskaia-vlasov\/\">GULAG\u2019s Digital Storytelling Project <\/a><\/strong> <\/td><\/tr><\/tbody><\/table>\n\n\n\n<table class=\"wp-block-table\"><tbody><tr><td>16:30<\/td><td>Closing words (Main Hall)<\/td><\/tr><tr><td>17:00<\/td><td>Meeting of the Estonian Society for Digital Humanities (Main Hall)<\/td><\/tr><tr><td>17:00\u201318:00<\/td><td>Guided tour of the National Library of Estonia. Meeting point at the Main Hall. (Registration on-site on 4 December at registration desk)<\/td><\/tr><tr><td> 19:30<\/td><td>Conference dinner, restaurant \u201eOlde Hansa\u201c (address: Vana turg 1)<\/td><\/tr><\/tbody><\/table>\n\n\n\n<h2 class=\"wp-block-heading\">6 December<\/h2>\n\n\n\n<p>National Library&#8217;s main door opens at 8:30<\/p>\n\n\n\n<h3 class=\"wp-block-heading\">Workshops<\/h3>\n\n\n\n<table class=\"wp-block-table\"><tbody><tr><td>9:00\u201312:30 <\/td><td>WS1 <strong>Language Resources for Content Search and Metadata Search.<\/strong> Kadri Vider, Neeme Kahusk, Olga Gerassimenko \u2013 Estonian Center for Language Resources (Corner Hall)<\/td><\/tr><tr><td>9:00\u201313:00<\/td><td>WS2 <strong>A Hands-On Data Exploration and Challenge. <\/strong>Mahendra Mahey \u2013 British Library (Small Hall)<\/td><\/tr><tr><td>9:00\u201312:30<\/td><td>WS3 <strong>Python for Digital Humanities. <\/strong>Sree Ganesh Thotempudi \u2013 Heidelberg University (Cupola Hall)<\/td><\/tr><tr><td>12:30\u201313:45<\/td><td>Lunch on your own<\/td><\/tr><tr><td>13:45\u201317:15<\/td><td>WS4 <strong>Cadaver.exe (Forays into New Digital Poetry). <\/strong>Justice (Ruby) Th\u00e9lot, independent researcher (Cupola Hall)<\/td><\/tr><tr><td>13:45\u201316:00<\/td><td>WS5 <strong>Accessing Texts and Data in the Collections of the National Library of Estonia.<\/strong> Peeter Tinits, National Library of Estonia\/Tallinn University\/University of Tartu (Small Hall)<\/td><\/tr><\/tbody><\/table>\n","protected":false},"excerpt":{"rendered":"<p>4 December National Library&#8217;s main door opens at 9:00 9:00\u201310:00 Registration and welcome coffee 10:00 Opening of the conference (Main Conference Hall):Janne Andresoo, National Library of EstoniaT\u00f5nis Lukas, Minister of CultureMare K\u00f5iva, Estonian Literary Museum Plenary speech by Andra Siibak (University of Tartu)Screening into the mindset of the \u201csocial media generation\u201d 11:30\u201312:00 Coffee break 12:00\u201313:30 &hellip; <\/p>\n<p class=\"link-more\"><a href=\"https:\/\/dh.org.ee\/en\/events\/dhe2019\/programme\/\" class=\"more-link\">Continue reading<span class=\"screen-reader-text\"> &#8220;Programme&#8221;<\/span><\/a><\/p>\n","protected":false},"author":2,"featured_media":0,"parent":2141,"menu_order":0,"comment_status":"closed","ping_status":"closed","template":"","meta":{"footnotes":""},"class_list":["post-2726","page","type-page","status-publish","hentry"],"jetpack_sharing_enabled":true,"_links":{"self":[{"href":"https:\/\/dh.org.ee\/en\/wp-json\/wp\/v2\/pages\/2726","targetHints":{"allow":["GET"]}}],"collection":[{"href":"https:\/\/dh.org.ee\/en\/wp-json\/wp\/v2\/pages"}],"about":[{"href":"https:\/\/dh.org.ee\/en\/wp-json\/wp\/v2\/types\/page"}],"author":[{"embeddable":true,"href":"https:\/\/dh.org.ee\/en\/wp-json\/wp\/v2\/users\/2"}],"replies":[{"embeddable":true,"href":"https:\/\/dh.org.ee\/en\/wp-json\/wp\/v2\/comments?post=2726"}],"version-history":[{"count":0,"href":"https:\/\/dh.org.ee\/en\/wp-json\/wp\/v2\/pages\/2726\/revisions"}],"up":[{"embeddable":true,"href":"https:\/\/dh.org.ee\/en\/wp-json\/wp\/v2\/pages\/2141"}],"wp:attachment":[{"href":"https:\/\/dh.org.ee\/en\/wp-json\/wp\/v2\/media?parent=2726"}],"curies":[{"name":"wp","href":"https:\/\/api.w.org\/{rel}","templated":true}]}}