{"id":3859,"date":"2022-09-14T22:27:26","date_gmt":"2022-09-14T19:27:26","guid":{"rendered":"https:\/\/dh.org.ee\/?page_id=3859"},"modified":"2022-09-14T22:27:26","modified_gmt":"2022-09-14T19:27:26","slug":"raj","status":"publish","type":"page","link":"https:\/\/dh.org.ee\/en\/events\/dhe2022\/abstracts\/presentations\/raj\/","title":{"rendered":"Vivek Raj (Banaras Hindu University)"},"content":{"rendered":"\n<p class=\"has-medium-font-size\"><strong>Notion of Sacred Space and the Pandemic<\/strong><\/p>\n\n\n\n<p>This paper explores how the Covid-19 pandemic has challenged the notion of sacred space in the context of twin cities \u2013 Gaya and Bodhgaya. Gaya is the holiest place for the performance of <em>\u015br\u0101ddha yaj\u00f1a<\/em>. Bodhgaya is the place where Buddha attained enlightenment. Every year hundreds of thousands of pilgrims come here for pilgrimage. But due to various restrictions during the pandemic, they could not come. Amid this unexpected situation, facilities like Online Pind daan, Cyber Sangha, etc. got highlighted. Acceptance of these digital platforms among people made us think about the notion of the sacredness of physical spaces.<\/p>\n","protected":false},"excerpt":{"rendered":"<p>Notion of Sacred Space and the Pandemic This paper explores how the Covid-19 pandemic has challenged the notion of sacred space in the context of twin cities \u2013 Gaya and Bodhgaya. Gaya is the holiest place for the performance of \u015br\u0101ddha yaj\u00f1a. Bodhgaya is the place where Buddha attained enlightenment. Every year hundreds of thousands &hellip; <\/p>\n<p class=\"link-more\"><a href=\"https:\/\/dh.org.ee\/en\/events\/dhe2022\/abstracts\/presentations\/raj\/\" class=\"more-link\">Continue reading<span class=\"screen-reader-text\"> &#8220;Vivek Raj (Banaras Hindu University)&#8221;<\/span><\/a><\/p>\n","protected":false},"author":9,"featured_media":0,"parent":3927,"menu_order":0,"comment_status":"closed","ping_status":"closed","template":"","meta":{"footnotes":""},"class_list":["post-3859","page","type-page","status-publish","hentry"],"jetpack_sharing_enabled":true,"_links":{"self":[{"href":"https:\/\/dh.org.ee\/en\/wp-json\/wp\/v2\/pages\/3859","targetHints":{"allow":["GET"]}}],"collection":[{"href":"https:\/\/dh.org.ee\/en\/wp-json\/wp\/v2\/pages"}],"about":[{"href":"https:\/\/dh.org.ee\/en\/wp-json\/wp\/v2\/types\/page"}],"author":[{"embeddable":true,"href":"https:\/\/dh.org.ee\/en\/wp-json\/wp\/v2\/users\/9"}],"replies":[{"embeddable":true,"href":"https:\/\/dh.org.ee\/en\/wp-json\/wp\/v2\/comments?post=3859"}],"version-history":[{"count":0,"href":"https:\/\/dh.org.ee\/en\/wp-json\/wp\/v2\/pages\/3859\/revisions"}],"up":[{"embeddable":true,"href":"https:\/\/dh.org.ee\/en\/wp-json\/wp\/v2\/pages\/3927"}],"wp:attachment":[{"href":"https:\/\/dh.org.ee\/en\/wp-json\/wp\/v2\/media?parent=3859"}],"curies":[{"name":"wp","href":"https:\/\/api.w.org\/{rel}","templated":true}]}}